{"id":783,"date":"2025-05-26T23:21:48","date_gmt":"2025-05-26T21:21:48","guid":{"rendered":"https:\/\/wp31.alphaprimo.fr\/?page_id=783"},"modified":"2025-05-28T09:42:32","modified_gmt":"2025-05-28T07:42:32","slug":"elementor-783","status":"publish","type":"page","link":"https:\/\/wp31.alphaprimo.fr\/?page_id=783","title":{"rendered":"Veilles #783"},"content":{"rendered":"\t\t<div data-elementor-type=\"wp-page\" data-elementor-id=\"783\" class=\"elementor elementor-783\">\n\t\t\t\t\t\t<header class=\"elementor-section elementor-top-section elementor-element elementor-element-4041a534 elementor-section-height-min-height elementor-section-boxed elementor-section-height-default elementor-section-items-middle\" data-id=\"4041a534\" data-element_type=\"section\" data-settings=\"{&quot;background_background&quot;:&quot;classic&quot;}\">\n\t\t\t\t\t\t\t<div class=\"elementor-background-overlay\"><\/div>\n\t\t\t\t\t\t\t<div class=\"elementor-container elementor-column-gap-default\">\n\t\t\t\t\t<div class=\"elementor-column elementor-col-100 elementor-top-column elementor-element elementor-element-3a05588a\" data-id=\"3a05588a\" data-element_type=\"column\">\n\t\t\t<div class=\"elementor-widget-wrap elementor-element-populated\">\n\t\t\t\t\t\t<div class=\"elementor-element elementor-element-343234d4 elementor-widget elementor-widget-image\" data-id=\"343234d4\" data-element_type=\"widget\" data-widget_type=\"image.default\">\n\t\t\t\t<div class=\"elementor-widget-container\">\n\t\t\t\t\t\t\t\t\t\t\t\t\t\t\t<img fetchpriority=\"high\" decoding=\"async\" width=\"907\" height=\"386\" src=\"https:\/\/wp31.alphaprimo.fr\/wp-content\/uploads\/2025\/05\/GLPI_Logo-color.webp\" class=\"attachment-full size-full wp-image-801\" alt=\"\" srcset=\"https:\/\/wp31.alphaprimo.fr\/wp-content\/uploads\/2025\/05\/GLPI_Logo-color.webp 907w, https:\/\/wp31.alphaprimo.fr\/wp-content\/uploads\/2025\/05\/GLPI_Logo-color-300x128.webp 300w, https:\/\/wp31.alphaprimo.fr\/wp-content\/uploads\/2025\/05\/GLPI_Logo-color-768x327.webp 768w\" sizes=\"(max-width: 907px) 100vw, 907px\" \/>\t\t\t\t\t\t\t\t\t\t\t\t\t\t\t<\/div>\n\t\t\t\t<\/div>\n\t\t\t\t<div class=\"elementor-element elementor-element-ace033f elementor-widget elementor-widget-heading\" data-id=\"ace033f\" data-element_type=\"widget\" data-widget_type=\"heading.default\">\n\t\t\t\t<div class=\"elementor-widget-container\">\n\t\t\t\t\t<h1 class=\"elementor-heading-title elementor-size-default\">Ma Veille<\/h1>\t\t\t\t<\/div>\n\t\t\t\t<\/div>\n\t\t\t\t<div class=\"elementor-element elementor-element-19ea8c5c elementor-widget elementor-widget-text-editor\" data-id=\"19ea8c5c\" data-element_type=\"widget\" data-widget_type=\"text-editor.default\">\n\t\t\t\t<div class=\"elementor-widget-container\">\n\t\t\t\t\t\t\t\t\t<p>GLPI \u00e9tant l&rsquo;une des premi\u00e8res demandes que j&rsquo;ai re\u00e7u, j&rsquo;ai d\u00e9cid\u00e9 de m&rsquo;y int\u00e9resser.\u00a0<\/p>\t\t\t\t\t\t\t\t<\/div>\n\t\t\t\t<\/div>\n\t\t\t\t<div class=\"elementor-element elementor-element-1b3abdc7 elementor-widget elementor-widget-spacer\" data-id=\"1b3abdc7\" data-element_type=\"widget\" data-widget_type=\"spacer.default\">\n\t\t\t\t<div class=\"elementor-widget-container\">\n\t\t\t\t\t\t\t<div class=\"elementor-spacer\">\n\t\t\t<div class=\"elementor-spacer-inner\"><\/div>\n\t\t<\/div>\n\t\t\t\t\t\t<\/div>\n\t\t\t\t<\/div>\n\t\t\t\t\t<\/div>\n\t\t<\/div>\n\t\t\t\t\t<\/div>\n\t\t<\/header>\n\t\t\t\t<section class=\"elementor-section elementor-top-section elementor-element elementor-element-26acbb02 elementor-section-boxed elementor-section-height-default elementor-section-height-default\" data-id=\"26acbb02\" data-element_type=\"section\" data-settings=\"{&quot;background_background&quot;:&quot;classic&quot;}\">\n\t\t\t\t\t\t\t<div class=\"elementor-background-overlay\"><\/div>\n\t\t\t\t\t\t\t<div class=\"elementor-container elementor-column-gap-default\">\n\t\t\t\t\t<div class=\"elementor-column elementor-col-100 elementor-top-column elementor-element elementor-element-693419d7\" data-id=\"693419d7\" data-element_type=\"column\">\n\t\t\t<div class=\"elementor-widget-wrap elementor-element-populated\">\n\t\t\t\t\t\t<div class=\"elementor-element elementor-element-35413684 elementor-widget elementor-widget-heading\" data-id=\"35413684\" data-element_type=\"widget\" data-widget_type=\"heading.default\">\n\t\t\t\t<div class=\"elementor-widget-container\">\n\t\t\t\t\t<h2 class=\"elementor-heading-title elementor-size-default\">O\u00f9 est ce  que je me renseigne<\/h2>\t\t\t\t<\/div>\n\t\t\t\t<\/div>\n\t\t\t\t<section class=\"elementor-section elementor-inner-section elementor-element elementor-element-541bd529 elementor-section-boxed elementor-section-height-default elementor-section-height-default\" data-id=\"541bd529\" data-element_type=\"section\">\n\t\t\t\t\t\t<div class=\"elementor-container elementor-column-gap-default\">\n\t\t\t\t\t<div class=\"elementor-column elementor-col-33 elementor-inner-column elementor-element elementor-element-2cbb7ed4\" data-id=\"2cbb7ed4\" data-element_type=\"column\" data-settings=\"{&quot;background_background&quot;:&quot;classic&quot;}\">\n\t\t\t<div class=\"elementor-widget-wrap elementor-element-populated\">\n\t\t\t\t\t\t<div class=\"elementor-element elementor-element-70fc6b23 elementor-widget elementor-widget-image\" data-id=\"70fc6b23\" data-element_type=\"widget\" data-widget_type=\"image.default\">\n\t\t\t\t<div class=\"elementor-widget-container\">\n\t\t\t\t\t\t\t\t\t\t\t\t\t\t\t\t<a href=\"https:\/\/x.com\/GLPI_PROJECT\">\n\t\t\t\t\t\t\t<img decoding=\"async\" width=\"512\" height=\"374\" src=\"https:\/\/wp31.alphaprimo.fr\/wp-content\/uploads\/2024\/06\/twitter_x_new_logo_x_rounded_icon_256078.webp\" class=\"attachment-large size-large wp-image-312\" alt=\"\" srcset=\"https:\/\/wp31.alphaprimo.fr\/wp-content\/uploads\/2024\/06\/twitter_x_new_logo_x_rounded_icon_256078.webp 512w, https:\/\/wp31.alphaprimo.fr\/wp-content\/uploads\/2024\/06\/twitter_x_new_logo_x_rounded_icon_256078-300x219.webp 300w\" sizes=\"(max-width: 512px) 100vw, 512px\" \/>\t\t\t\t\t\t\t\t<\/a>\n\t\t\t\t\t\t\t\t\t\t\t\t\t\t\t<\/div>\n\t\t\t\t<\/div>\n\t\t\t\t<div class=\"elementor-element elementor-element-66b9a27 elementor-widget elementor-widget-heading\" data-id=\"66b9a27\" data-element_type=\"widget\" data-widget_type=\"heading.default\">\n\t\t\t\t<div class=\"elementor-widget-container\">\n\t\t\t\t\t<h3 class=\"elementor-heading-title elementor-size-default\">X<\/h3>\t\t\t\t<\/div>\n\t\t\t\t<\/div>\n\t\t\t\t<div class=\"elementor-element elementor-element-1756028 elementor-widget-divider--view-line elementor-widget elementor-widget-divider\" data-id=\"1756028\" data-element_type=\"widget\" data-widget_type=\"divider.default\">\n\t\t\t\t<div class=\"elementor-widget-container\">\n\t\t\t\t\t\t\t<div class=\"elementor-divider\">\n\t\t\t<span class=\"elementor-divider-separator\">\n\t\t\t\t\t\t<\/span>\n\t\t<\/div>\n\t\t\t\t\t\t<\/div>\n\t\t\t\t<\/div>\n\t\t\t\t<div class=\"elementor-element elementor-element-32ec6e03 elementor-widget elementor-widget-text-editor\" data-id=\"32ec6e03\" data-element_type=\"widget\" data-widget_type=\"text-editor.default\">\n\t\t\t\t<div class=\"elementor-widget-container\">\n\t\t\t\t\t\t\t\t\t<p>Sur leur page X o\u00f9 ils annoncent leurs nouveaut\u00e9s et poste quelques conseils<\/p>\t\t\t\t\t\t\t\t<\/div>\n\t\t\t\t<\/div>\n\t\t\t\t\t<\/div>\n\t\t<\/div>\n\t\t\t\t<div class=\"elementor-column elementor-col-33 elementor-inner-column elementor-element elementor-element-70517ccf\" data-id=\"70517ccf\" data-element_type=\"column\" data-settings=\"{&quot;background_background&quot;:&quot;classic&quot;}\">\n\t\t\t<div class=\"elementor-widget-wrap elementor-element-populated\">\n\t\t\t\t\t\t<div class=\"elementor-element elementor-element-b4054d4 elementor-widget elementor-widget-image\" data-id=\"b4054d4\" data-element_type=\"widget\" data-widget_type=\"image.default\">\n\t\t\t\t<div class=\"elementor-widget-container\">\n\t\t\t\t\t\t\t\t\t\t\t\t\t\t\t\t<a href=\"https:\/\/glpi-project.org\/fr\/glpi-actualites\/\">\n\t\t\t\t\t\t\t<img decoding=\"async\" width=\"295\" height=\"200\" src=\"https:\/\/wp31.alphaprimo.fr\/wp-content\/uploads\/2024\/06\/logo-glpi-bleu-1.png\" class=\"attachment-full size-full wp-image-306\" alt=\"\" \/>\t\t\t\t\t\t\t\t<\/a>\n\t\t\t\t\t\t\t\t\t\t\t\t\t\t\t<\/div>\n\t\t\t\t<\/div>\n\t\t\t\t<div class=\"elementor-element elementor-element-68e818f4 elementor-widget elementor-widget-heading\" data-id=\"68e818f4\" data-element_type=\"widget\" data-widget_type=\"heading.default\">\n\t\t\t\t<div class=\"elementor-widget-container\">\n\t\t\t\t\t<h3 class=\"elementor-heading-title elementor-size-default\">Sur leur site officiel<\/h3>\t\t\t\t<\/div>\n\t\t\t\t<\/div>\n\t\t\t\t<div class=\"elementor-element elementor-element-7e81e0a4 elementor-widget-divider--view-line elementor-widget elementor-widget-divider\" data-id=\"7e81e0a4\" data-element_type=\"widget\" data-widget_type=\"divider.default\">\n\t\t\t\t<div class=\"elementor-widget-container\">\n\t\t\t\t\t\t\t<div class=\"elementor-divider\">\n\t\t\t<span class=\"elementor-divider-separator\">\n\t\t\t\t\t\t<\/span>\n\t\t<\/div>\n\t\t\t\t\t\t<\/div>\n\t\t\t\t<\/div>\n\t\t\t\t<div class=\"elementor-element elementor-element-ead1d89 elementor-widget elementor-widget-text-editor\" data-id=\"ead1d89\" data-element_type=\"widget\" data-widget_type=\"text-editor.default\">\n\t\t\t\t<div class=\"elementor-widget-container\">\n\t\t\t\t\t\t\t\t\t<p>Sur leur page d&rsquo;actualit\u00e9<br \/>En s&rsquo;abonnant \u00e0 leur Newsletter<\/p>\t\t\t\t\t\t\t\t<\/div>\n\t\t\t\t<\/div>\n\t\t\t\t\t<\/div>\n\t\t<\/div>\n\t\t\t\t<div class=\"elementor-column elementor-col-33 elementor-inner-column elementor-element elementor-element-2ffdc38a\" data-id=\"2ffdc38a\" data-element_type=\"column\" data-settings=\"{&quot;background_background&quot;:&quot;classic&quot;}\">\n\t\t\t<div class=\"elementor-widget-wrap elementor-element-populated\">\n\t\t\t\t\t\t<div class=\"elementor-element elementor-element-262ac118 elementor-widget elementor-widget-image\" data-id=\"262ac118\" data-element_type=\"widget\" data-widget_type=\"image.default\">\n\t\t\t\t<div class=\"elementor-widget-container\">\n\t\t\t\t\t\t\t\t\t\t\t\t\t\t\t<img loading=\"lazy\" decoding=\"async\" width=\"980\" height=\"980\" src=\"https:\/\/wp31.alphaprimo.fr\/wp-content\/uploads\/2024\/06\/reddit-logo-reddit-icon-transparent-free-png.webp\" class=\"attachment-large size-large wp-image-324\" alt=\"\" srcset=\"https:\/\/wp31.alphaprimo.fr\/wp-content\/uploads\/2024\/06\/reddit-logo-reddit-icon-transparent-free-png.webp 980w, https:\/\/wp31.alphaprimo.fr\/wp-content\/uploads\/2024\/06\/reddit-logo-reddit-icon-transparent-free-png-300x300.webp 300w, https:\/\/wp31.alphaprimo.fr\/wp-content\/uploads\/2024\/06\/reddit-logo-reddit-icon-transparent-free-png-150x150.webp 150w, https:\/\/wp31.alphaprimo.fr\/wp-content\/uploads\/2024\/06\/reddit-logo-reddit-icon-transparent-free-png-768x768.webp 768w\" sizes=\"(max-width: 980px) 100vw, 980px\" \/>\t\t\t\t\t\t\t\t\t\t\t\t\t\t\t<\/div>\n\t\t\t\t<\/div>\n\t\t\t\t<div class=\"elementor-element elementor-element-50b0263b elementor-widget elementor-widget-heading\" data-id=\"50b0263b\" data-element_type=\"widget\" data-widget_type=\"heading.default\">\n\t\t\t\t<div class=\"elementor-widget-container\">\n\t\t\t\t\t<h3 class=\"elementor-heading-title elementor-size-default\">Reddit\n<\/h3>\t\t\t\t<\/div>\n\t\t\t\t<\/div>\n\t\t\t\t<div class=\"elementor-element elementor-element-4fbeea62 elementor-widget-divider--view-line elementor-widget elementor-widget-divider\" data-id=\"4fbeea62\" data-element_type=\"widget\" data-widget_type=\"divider.default\">\n\t\t\t\t<div class=\"elementor-widget-container\">\n\t\t\t\t\t\t\t<div class=\"elementor-divider\">\n\t\t\t<span class=\"elementor-divider-separator\">\n\t\t\t\t\t\t<\/span>\n\t\t<\/div>\n\t\t\t\t\t\t<\/div>\n\t\t\t\t<\/div>\n\t\t\t\t<div class=\"elementor-element elementor-element-7d2df206 elementor-widget elementor-widget-text-editor\" data-id=\"7d2df206\" data-element_type=\"widget\" data-widget_type=\"text-editor.default\">\n\t\t\t\t<div class=\"elementor-widget-container\">\n\t\t\t\t\t\t\t\t\t<p>Sur le Subreddit de GLPI o\u00f9 la communaut\u00e9 discute des nouvelles annonces et partage ses astuces<\/p>\t\t\t\t\t\t\t\t<\/div>\n\t\t\t\t<\/div>\n\t\t\t\t\t<\/div>\n\t\t<\/div>\n\t\t\t\t\t<\/div>\n\t\t<\/section>\n\t\t\t\t\t<\/div>\n\t\t<\/div>\n\t\t\t\t\t<\/div>\n\t\t<\/section>\n\t\t<div class=\"elementor-element elementor-element-7667191 e-flex e-con-boxed e-con e-parent\" data-id=\"7667191\" data-element_type=\"container\" data-settings=\"{&quot;background_background&quot;:&quot;classic&quot;}\">\n\t\t\t\t\t<div class=\"e-con-inner\">\n\t\t\t\t<div class=\"elementor-element elementor-element-bf63d42 elementor-widget elementor-widget-heading\" data-id=\"bf63d42\" data-element_type=\"widget\" data-widget_type=\"heading.default\">\n\t\t\t\t<div class=\"elementor-widget-container\">\n\t\t\t\t\t<h2 class=\"elementor-heading-title elementor-size-default\">Qu'est ce que GNU GPL ?<\/h2>\t\t\t\t<\/div>\n\t\t\t\t<\/div>\n\t\t\t\t\t<\/div>\n\t\t\t\t<\/div>\n\t\t<div class=\"elementor-element elementor-element-9853126 e-flex e-con-boxed e-con e-parent\" data-id=\"9853126\" data-element_type=\"container\" data-settings=\"{&quot;background_background&quot;:&quot;classic&quot;}\">\n\t\t\t\t\t<div class=\"e-con-inner\">\n\t\t\t\t<div class=\"elementor-element elementor-element-7a3debf elementor-widget elementor-widget-text-editor\" data-id=\"7a3debf\" data-element_type=\"widget\" data-widget_type=\"text-editor.default\">\n\t\t\t\t<div class=\"elementor-widget-container\">\n\t\t\t\t\t\t\t\t\t<p>Les termes de la GPL autorisent toute personne \u00e0 recevoir une copie d&rsquo;un travail sous GPL. Chaque personne qui adh\u00e8re aux termes et aux conditions de la GPL a la permission de modifier le travail, de l&rsquo;\u00e9tudier et de redistribuer le travail ou un travail d\u00e9riv\u00e9. Cette personne peut toucher de l&rsquo;argent pour ce service ou bien ne rien toucher. Ce dernier point distingue la GPL des autres licences de logiciels qui interdisent la redistribution dans un but commercial. Stallman pense que le logiciel libre ne devrait pas placer de restriction sur l&rsquo;utilisation commerciale, et la GPL indique explicitement qu&rsquo;un travail sous GPL peut \u00eatre (re)vendu. En cas de modification, le r\u00e9sultat doit \u00eatre plac\u00e9 sous la m\u00eame licence.<\/p>\t\t\t\t\t\t\t\t<\/div>\n\t\t\t\t<\/div>\n\t\t\t\t\t<\/div>\n\t\t\t\t<\/div>\n\t\t\t\t<\/div>\n\t\t","protected":false},"excerpt":{"rendered":"<p>Ma Veille GLPI \u00e9tant l&rsquo;une des premi\u00e8res demandes que j&rsquo;ai re\u00e7u, j&rsquo;ai d\u00e9cid\u00e9 de m&rsquo;y int\u00e9resser.\u00a0 O\u00f9 est ce que je me renseigne X Sur leur page X o\u00f9 ils annoncent leurs nouveaut\u00e9s et poste quelques conseils Sur leur site officiel Sur leur page d&rsquo;actualit\u00e9En s&rsquo;abonnant \u00e0 leur Newsletter Reddit Sur le Subreddit de GLPI&#8230;<\/p>\n","protected":false},"author":1,"featured_media":0,"parent":0,"menu_order":0,"comment_status":"closed","ping_status":"closed","template":"","meta":{"_kadence_starter_templates_imported_post":false,"_kad_post_transparent":"","_kad_post_title":"hide","_kad_post_layout":"fullwidth","_kad_post_sidebar_id":"","_kad_post_content_style":"unboxed","_kad_post_vertical_padding":"hide","_kad_post_feature":"hide","_kad_post_feature_position":"","_kad_post_header":false,"_kad_post_footer":false,"footnotes":""},"class_list":["post-783","page","type-page","status-publish","hentry"],"_links":{"self":[{"href":"https:\/\/wp31.alphaprimo.fr\/index.php?rest_route=\/wp\/v2\/pages\/783","targetHints":{"allow":["GET"]}}],"collection":[{"href":"https:\/\/wp31.alphaprimo.fr\/index.php?rest_route=\/wp\/v2\/pages"}],"about":[{"href":"https:\/\/wp31.alphaprimo.fr\/index.php?rest_route=\/wp\/v2\/types\/page"}],"author":[{"embeddable":true,"href":"https:\/\/wp31.alphaprimo.fr\/index.php?rest_route=\/wp\/v2\/users\/1"}],"replies":[{"embeddable":true,"href":"https:\/\/wp31.alphaprimo.fr\/index.php?rest_route=%2Fwp%2Fv2%2Fcomments&post=783"}],"version-history":[{"count":27,"href":"https:\/\/wp31.alphaprimo.fr\/index.php?rest_route=\/wp\/v2\/pages\/783\/revisions"}],"predecessor-version":[{"id":898,"href":"https:\/\/wp31.alphaprimo.fr\/index.php?rest_route=\/wp\/v2\/pages\/783\/revisions\/898"}],"wp:attachment":[{"href":"https:\/\/wp31.alphaprimo.fr\/index.php?rest_route=%2Fwp%2Fv2%2Fmedia&parent=783"}],"curies":[{"name":"wp","href":"https:\/\/api.w.org\/{rel}","templated":true}]}}